{"id":949,"date":"2021-11-04T12:56:28","date_gmt":"2021-11-04T12:56:28","guid":{"rendered":"https:\/\/www.campingdekreekrug.nl\/kinderactiviteiten\/"},"modified":"2025-10-09T08:13:27","modified_gmt":"2025-10-09T08:13:27","slug":"kinderactiviteiten","status":"publish","type":"page","link":"https:\/\/www.campingdekreekrug.nl\/de\/kinderactiviteiten\/","title":{"rendered":"Spielen f\u00fcr Kinder"},"content":{"rendered":"<div class=\"wpb-content-wrapper\"><p>[vc_row css_animation=&#8220;&#8220; row_type=&#8220;row&#8220; use_row_as_full_screen_section=&#8220;no&#8220; type=&#8220;full_width&#8220; angled_section=&#8220;no&#8220; text_align=&#8220;left&#8220; background_image_as_pattern=&#8220;without_pattern&#8220;][vc_column][vc_column_text]\n\t\t\t<!-- START Kinderfeestjes Kreekrug REVOLUTION SLIDER 6.7.37 --><p class=\"rs-p-wp-fix\"><\/p>\n\t\t\t<rs-module-wrap id=\"rev_slider_10_1_wrapper\" data-source=\"gallery\" style=\"visibility:hidden;background:transparent;padding:0;margin:0px auto;margin-top:0;margin-bottom:0;\">\n\t\t\t\t<rs-module id=\"rev_slider_10_1\" style=\"\" data-version=\"6.7.37\">\n\t\t\t\t\t<rs-slides style=\"overflow: hidden; position: absolute;\">\n\t\t\t\t\t\t<rs-slide style=\"position: absolute;\" data-key=\"rs-25\" data-title=\"Slide\" data-in=\"o:0;\" data-out=\"a:false;\">\n\t\t\t\t\t\t\t<img fetchpriority=\"high\" decoding=\"async\" src=\"\/\/www.campingdekreekrug.nl\/wp-content\/plugins\/revslider\/sr6\/assets\/assets\/dummy.png\" alt=\"\" title=\"slider-kreekrug-kinderen-spelen\" width=\"2200\" height=\"1078\" class=\"rev-slidebg tp-rs-img rs-lazyload\" data-lazyload=\"\/\/www.campingdekreekrug.nl\/wp-content\/uploads\/2021\/11\/slider-kreekrug-kinderen-spelen.jpg\" data-no-retina>\n<!--\n\t\t\t\t\t\t\t--><rs-layer\n\t\t\t\t\t\t\t\tid=\"slider-10-slide-25-layer-0\" \n\t\t\t\t\t\t\t\tdata-type=\"image\"\n\t\t\t\t\t\t\t\tdata-rsp_ch=\"on\"\n\t\t\t\t\t\t\t\tdata-xy=\"x:r;xo:150px,112px,66px,37px;y:m;\"\n\t\t\t\t\t\t\t\tdata-text=\"w:normal;s:20,15,8,4;l:0,18,10,6;\"\n\t\t\t\t\t\t\t\tdata-dim=\"w:350px,262px,192px,151px;h:479px,359px,263px,207px;\"\n\t\t\t\t\t\t\t\tdata-frame_999=\"o:0;st:w;\"\n\t\t\t\t\t\t\t\tstyle=\"z-index:5;\"\n\t\t\t\t\t\t\t><img decoding=\"async\" src=\"\/\/www.campingdekreekrug.nl\/wp-content\/plugins\/revslider\/sr6\/assets\/assets\/dummy.png\" alt=\"\" class=\"tp-rs-img rs-lazyload\" width=\"350\" height=\"479\" data-lazyload=\"\/\/www.campingdekreekrug.nl\/wp-content\/uploads\/2025\/10\/beste-camping-zoover-95.png\" data-no-retina> \n\t\t\t\t\t\t\t<\/rs-layer><!--\n-->\t\t\t\t\t<\/rs-slide>\n\t\t\t\t\t<\/rs-slides>\n\t\t\t\t\t<rs-static-layers><!--\n\t\t\t\t\t--><\/rs-static-layers>\n\t\t\t\t<\/rs-module>\n\t\t\t\t<script>\n\t\t\t\t\tsetREVStartSize({c: 'rev_slider_10_1',rl:[1240,1024,778,480],el:[830,768,600,630],gw:[1920,1441,850,480],gh:[830,768,600,630],type:'standard',justify:'',layout:'fullwidth',mh:\"0\"});if (window.RS_MODULES!==undefined && window.RS_MODULES.modules!==undefined && window.RS_MODULES.modules[\"revslider101\"]!==undefined) {window.RS_MODULES.modules[\"revslider101\"].once = false;window.revapi10 = undefined;if (window.RS_MODULES.checkMinimal!==undefined) window.RS_MODULES.checkMinimal()}\n\t\t\t\t<\/script>\n\t\t\t<\/rs-module-wrap>\n\t\t\t<!-- END REVOLUTION SLIDER -->\n[\/vc_column_text][\/vc_column][\/vc_row][vc_row css_animation=&#8220;&#8220; row_type=&#8220;row&#8220; use_row_as_full_screen_section=&#8220;no&#8220; type=&#8220;grid&#8220; angled_section=&#8220;no&#8220; text_align=&#8220;center&#8220; background_image_as_pattern=&#8220;without_pattern&#8220; z_index=&#8220;&#8220;][vc_column offset=&#8220;vc_col-lg-offset-2 vc_col-lg-8&#8243; css=&#8220;.vc_custom_1516710684527{margin-top: -134px !important;}&#8220;][qode_elements_holder number_of_columns=&#8220;one_column&#8220;][qode_elements_holder_item advanced_animations=&#8220;no&#8220; background_color=&#8220;#ffffff&#8220; item_padding=&#8220;38px 78px 57px 56px&#8220; item_padding_1280_1440=&#8220;38px 59px 57px 56px&#8220; item_padding_480=&#8220;38px 28px 57px 35px&#8220; item_padding_600_768=&#8220;38px 31px 57px 44px&#8220;][vc_column_text css=&#8220;&#8220;]<\/p>\n<h1 style=\"text-align: center;\">SPIELEN F\u00dcR KINDER<\/h1>\n<p>[\/vc_column_text][vc_empty_space height=&#8220;29px&#8220;][vc_column_text css=&#8220;&#8220;]<\/p>\n<h5>Wir haben viele Kinderaktivit\u00e4ten auf dem Campingplatz: Spielen auf dem Bauernhof mit Kettcars, auf dem Trampolin, den Schaukeln oder in der B\u00e4llebad. Au\u00dferdem gibt es Boule und Tischtennis \u2013 es gibt also jede Menge zu tun f\u00fcr die Kids!<\/h5>\n<p>[\/vc_column_text][\/qode_elements_holder_item][\/qode_elements_holder][\/vc_column][\/vc_row][vc_row css_animation=&#8220;&#8220; row_type=&#8220;row&#8220; use_row_as_full_screen_section=&#8220;no&#8220; type=&#8220;grid&#8220; angled_section=&#8220;no&#8220; text_align=&#8220;left&#8220; background_image_as_pattern=&#8220;without_pattern&#8220; z_index=&#8220;&#8220; css=&#8220;.vc_custom_1759404465074{padding-top: 115px !important;}&#8220;][vc_column]<div class='qode_image_gallery_no_space dark highlight_active'>\n            <div class='qode_image_gallery_holder' style=''>\n                <ul ><li style=\"opacity: 0.3\">\n                    <div style=\" width:880px;\"><a itemprop=\"image\" class=\"prettyphoto\" data-rel=\"prettyPhoto[rel-1999761851]\" href=\"https:\/\/www.campingdekreekrug.nl\/wp-content\/uploads\/2022\/08\/trekker.jpg\"><img decoding=\"async\" itemprop=\"image\" src=\"https:\/\/www.campingdekreekrug.nl\/wp-content\/uploads\/2022\/08\/trekker.jpg\" alt=\"\" \/><\/a><\/div><\/li><li style=\"opacity: 0.3\">\n                    <div style=\" width:880px;\"><a itemprop=\"image\" class=\"prettyphoto\" data-rel=\"prettyPhoto[rel-1999761851]\" href=\"https:\/\/www.campingdekreekrug.nl\/wp-content\/uploads\/2022\/08\/trekker-2.jpg\"><img decoding=\"async\" itemprop=\"image\" src=\"https:\/\/www.campingdekreekrug.nl\/wp-content\/uploads\/2022\/08\/trekker-2.jpg\" alt=\"\" \/><\/a><\/div><\/li><li style=\"opacity: 0.3\">\n                    <div style=\" width:2200px;\"><a itemprop=\"image\" class=\"prettyphoto\" data-rel=\"prettyPhoto[rel-1999761851]\" href=\"https:\/\/www.campingdekreekrug.nl\/wp-content\/uploads\/2022\/08\/slider-8.jpg\"><img decoding=\"async\" itemprop=\"image\" src=\"https:\/\/www.campingdekreekrug.nl\/wp-content\/uploads\/2022\/08\/slider-8.jpg\" alt=\"\" \/><\/a><\/div><\/li><li style=\"opacity: 0.3\">\n                    <div style=\" width:880px;\"><a itemprop=\"image\" class=\"prettyphoto\" data-rel=\"prettyPhoto[rel-1999761851]\" href=\"https:\/\/www.campingdekreekrug.nl\/wp-content\/uploads\/2022\/08\/speeltuin-4.jpg\"><img decoding=\"async\" itemprop=\"image\" src=\"https:\/\/www.campingdekreekrug.nl\/wp-content\/uploads\/2022\/08\/speeltuin-4.jpg\" alt=\"\" \/><\/a><\/div><\/li><li style=\"opacity: 0.3\">\n                    <div style=\" width:880px;\"><a itemprop=\"image\" class=\"prettyphoto\" data-rel=\"prettyPhoto[rel-1999761851]\" href=\"https:\/\/www.campingdekreekrug.nl\/wp-content\/uploads\/2022\/08\/op-de-camping-20.jpg\"><img decoding=\"async\" itemprop=\"image\" src=\"https:\/\/www.campingdekreekrug.nl\/wp-content\/uploads\/2022\/08\/op-de-camping-20.jpg\" alt=\"\" \/><\/a><\/div><\/li><li style=\"opacity: 0.3\">\n                    <div style=\" width:880px;\"><a itemprop=\"image\" class=\"prettyphoto\" data-rel=\"prettyPhoto[rel-1999761851]\" href=\"https:\/\/www.campingdekreekrug.nl\/wp-content\/uploads\/2022\/08\/op-de-camping-17.jpg\"><img decoding=\"async\" itemprop=\"image\" src=\"https:\/\/www.campingdekreekrug.nl\/wp-content\/uploads\/2022\/08\/op-de-camping-17.jpg\" alt=\"\" \/><\/a><\/div><\/li><li style=\"opacity: 0.3\">\n                    <div style=\" width:880px;\"><a itemprop=\"image\" class=\"prettyphoto\" data-rel=\"prettyPhoto[rel-1999761851]\" href=\"https:\/\/www.campingdekreekrug.nl\/wp-content\/uploads\/2022\/08\/afwassen-2.jpg\"><img decoding=\"async\" itemprop=\"image\" src=\"https:\/\/www.campingdekreekrug.nl\/wp-content\/uploads\/2022\/08\/afwassen-2.jpg\" alt=\"\" \/><\/a><\/div><\/li><li style=\"opacity: 0.3\">\n                    <div style=\" width:880px;\"><a itemprop=\"image\" class=\"prettyphoto\" data-rel=\"prettyPhoto[rel-1999761851]\" href=\"https:\/\/www.campingdekreekrug.nl\/wp-content\/uploads\/2022\/08\/eten-op-de-camping.jpg\"><img decoding=\"async\" itemprop=\"image\" src=\"https:\/\/www.campingdekreekrug.nl\/wp-content\/uploads\/2022\/08\/eten-op-de-camping.jpg\" alt=\"\" \/><\/a><\/div><\/li><li style=\"opacity: 0.3\">\n                    <div style=\" width:660px;\"><a itemprop=\"image\" class=\"prettyphoto\" data-rel=\"prettyPhoto[rel-1999761851]\" href=\"https:\/\/www.campingdekreekrug.nl\/wp-content\/uploads\/2022\/08\/speeltuin.jpeg\"><img decoding=\"async\" itemprop=\"image\" src=\"https:\/\/www.campingdekreekrug.nl\/wp-content\/uploads\/2022\/08\/speeltuin.jpeg\" alt=\"\" \/><\/a><\/div><\/li><li style=\"opacity: 0.3\">\n                    <div style=\" width:587px;\"><a itemprop=\"image\" class=\"prettyphoto\" data-rel=\"prettyPhoto[rel-1999761851]\" href=\"https:\/\/www.campingdekreekrug.nl\/wp-content\/uploads\/2022\/08\/speeltuin-5.jpg\"><img decoding=\"async\" itemprop=\"image\" src=\"https:\/\/www.campingdekreekrug.nl\/wp-content\/uploads\/2022\/08\/speeltuin-5.jpg\" alt=\"\" \/><\/a><\/div><\/li><li style=\"opacity: 0.3\">\n                    <div style=\" width:587px;\"><a itemprop=\"image\" class=\"prettyphoto\" data-rel=\"prettyPhoto[rel-1999761851]\" href=\"https:\/\/www.campingdekreekrug.nl\/wp-content\/uploads\/2022\/08\/speeltuin-3.jpg\"><img decoding=\"async\" itemprop=\"image\" src=\"https:\/\/www.campingdekreekrug.nl\/wp-content\/uploads\/2022\/08\/speeltuin-3.jpg\" alt=\"\" \/><\/a><\/div><\/li><li style=\"opacity: 0.3\">\n                    <div style=\" width:704px;\"><a itemprop=\"image\" class=\"prettyphoto\" data-rel=\"prettyPhoto[rel-1999761851]\" href=\"https:\/\/www.campingdekreekrug.nl\/wp-content\/uploads\/2022\/08\/hond-2.jpg\"><img decoding=\"async\" itemprop=\"image\" src=\"https:\/\/www.campingdekreekrug.nl\/wp-content\/uploads\/2022\/08\/hond-2.jpg\" alt=\"\" \/><\/a><\/div><\/li><li style=\"opacity: 0.3\">\n                    <div style=\" width:704px;\"><a itemprop=\"image\" class=\"prettyphoto\" data-rel=\"prettyPhoto[rel-1999761851]\" href=\"https:\/\/www.campingdekreekrug.nl\/wp-content\/uploads\/2022\/08\/afwassen.jpg\"><img decoding=\"async\" itemprop=\"image\" src=\"https:\/\/www.campingdekreekrug.nl\/wp-content\/uploads\/2022\/08\/afwassen.jpg\" alt=\"\" \/><\/a><\/div><\/li><li style=\"opacity: 0.3\">\n                    <div style=\" width:587px;\"><a itemprop=\"image\" class=\"prettyphoto\" data-rel=\"prettyPhoto[rel-1999761851]\" href=\"https:\/\/www.campingdekreekrug.nl\/wp-content\/uploads\/2022\/08\/afwassen-3.jpg\"><img decoding=\"async\" itemprop=\"image\" src=\"https:\/\/www.campingdekreekrug.nl\/wp-content\/uploads\/2022\/08\/afwassen-3.jpg\" alt=\"\" \/><\/a><\/div><\/li><li style=\"opacity: 0.3\">\n                    <div style=\" width:880px;\"><a itemprop=\"image\" class=\"prettyphoto\" data-rel=\"prettyPhoto[rel-1999761851]\" href=\"https:\/\/www.campingdekreekrug.nl\/wp-content\/uploads\/2022\/08\/20220722_140519.jpg\"><img decoding=\"async\" itemprop=\"image\" src=\"https:\/\/www.campingdekreekrug.nl\/wp-content\/uploads\/2022\/08\/20220722_140519.jpg\" alt=\"\" \/><\/a><\/div><\/li><li style=\"opacity: 0.3\">\n                    <div style=\" width:800px;\"><a itemprop=\"image\" class=\"prettyphoto\" data-rel=\"prettyPhoto[rel-1999761851]\" href=\"https:\/\/www.campingdekreekrug.nl\/wp-content\/uploads\/2021\/11\/de-kreekrug-activiteiten-11.jpg\"><img decoding=\"async\" itemprop=\"image\" src=\"https:\/\/www.campingdekreekrug.nl\/wp-content\/uploads\/2021\/11\/de-kreekrug-activiteiten-11.jpg\" alt=\"\" \/><\/a><\/div><\/li><li style=\"opacity: 0.3\">\n                    <div style=\" width:800px;\"><a itemprop=\"image\" class=\"prettyphoto\" data-rel=\"prettyPhoto[rel-1999761851]\" href=\"https:\/\/www.campingdekreekrug.nl\/wp-content\/uploads\/2021\/11\/de-kreekrug-strand-4-.jpg\"><img decoding=\"async\" itemprop=\"image\" src=\"https:\/\/www.campingdekreekrug.nl\/wp-content\/uploads\/2021\/11\/de-kreekrug-strand-4-.jpg\" alt=\"\" \/><\/a><\/div><\/li><li style=\"opacity: 0.3\">\n                    <div style=\" width:800px;\"><a itemprop=\"image\" class=\"prettyphoto\" data-rel=\"prettyPhoto[rel-1999761851]\" href=\"https:\/\/www.campingdekreekrug.nl\/wp-content\/uploads\/2021\/11\/de-kreekrug-strand-.jpg\"><img decoding=\"async\" itemprop=\"image\" src=\"https:\/\/www.campingdekreekrug.nl\/wp-content\/uploads\/2021\/11\/de-kreekrug-strand-.jpg\" alt=\"\" \/><\/a><\/div><\/li><li style=\"opacity: 0.3\">\n                    <div style=\" width:2200px;\"><a itemprop=\"image\" class=\"prettyphoto\" data-rel=\"prettyPhoto[rel-1999761851]\" href=\"https:\/\/www.campingdekreekrug.nl\/wp-content\/uploads\/2021\/11\/slider-kreekrug-strand.jpg\"><img decoding=\"async\" itemprop=\"image\" src=\"https:\/\/www.campingdekreekrug.nl\/wp-content\/uploads\/2021\/11\/slider-kreekrug-strand.jpg\" alt=\"\" \/><\/a><\/div><\/li><li style=\"opacity: 0.3\">\n                    <div style=\" width:2200px;\"><a itemprop=\"image\" class=\"prettyphoto\" data-rel=\"prettyPhoto[rel-1999761851]\" href=\"https:\/\/www.campingdekreekrug.nl\/wp-content\/uploads\/2021\/11\/slider-kreekrug-tafeltennis-2.jpg\"><img decoding=\"async\" itemprop=\"image\" src=\"https:\/\/www.campingdekreekrug.nl\/wp-content\/uploads\/2021\/11\/slider-kreekrug-tafeltennis-2.jpg\" alt=\"\" \/><\/a><\/div><\/li><li style=\"opacity: 0.3\">\n                    <div style=\" width:2200px;\"><a itemprop=\"image\" class=\"prettyphoto\" data-rel=\"prettyPhoto[rel-1999761851]\" href=\"https:\/\/www.campingdekreekrug.nl\/wp-content\/uploads\/2021\/11\/slider-kreekrug-bolderkar.jpg\"><img decoding=\"async\" itemprop=\"image\" src=\"https:\/\/www.campingdekreekrug.nl\/wp-content\/uploads\/2021\/11\/slider-kreekrug-bolderkar.jpg\" alt=\"\" \/><\/a><\/div><\/li><li style=\"opacity: 0.3\">\n                    <div style=\" width:800px;\"><a itemprop=\"image\" class=\"prettyphoto\" data-rel=\"prettyPhoto[rel-1999761851]\" href=\"https:\/\/www.campingdekreekrug.nl\/wp-content\/uploads\/2021\/11\/de-kreekrug-de-camping-1-1.jpg\"><img decoding=\"async\" itemprop=\"image\" src=\"https:\/\/www.campingdekreekrug.nl\/wp-content\/uploads\/2021\/11\/de-kreekrug-de-camping-1-1.jpg\" alt=\"\" \/><\/a><\/div><\/li><\/ul>\n          <\/div>\n          <div class='controls'>\n              <a class='prev-slide' href='#'><span><i class='fa fa-angle-left'><\/i><\/span><\/a>\n              <a class='next-slide' href='#'><span><i class='fa fa-angle-right'><\/i><\/span><\/a>\n          <\/div>\n      <\/div>[vc_empty_space height=&#8220;82px&#8220;][\/vc_column][\/vc_row][vc_row css_animation=&#8220;&#8220; row_type=&#8220;row&#8220; use_row_as_full_screen_section=&#8220;no&#8220; type=&#8220;grid&#8220; angled_section=&#8220;no&#8220; text_align=&#8220;center&#8220; background_image_as_pattern=&#8220;without_pattern&#8220; z_index=&#8220;&#8220;][vc_column offset=&#8220;vc_col-lg-offset-2 vc_col-lg-8&#8243; css=&#8220;.vc_custom_1516710684527{margin-top: -134px !important;}&#8220;][qode_elements_holder number_of_columns=&#8220;one_column&#8220;][qode_elements_holder_item advanced_animations=&#8220;no&#8220; background_color=&#8220;#ffffff&#8220; item_padding=&#8220;38px 78px 57px 56px&#8220; item_padding_1280_1440=&#8220;38px 59px 57px 56px&#8220; item_padding_480=&#8220;38px 28px 57px 35px&#8220; item_padding_600_768=&#8220;38px 31px 57px 44px&#8220;][vc_column_text css=&#8220;&#8220;]<\/p>\n<h2>Preis f\u00fcr die beste Ferienunterkunft in Zeeland<\/h2>\n<p>Wir erzielen eine <strong>9,5<\/strong>\u00a0bei Zoover und haben daf\u00fcr einen Zoover Award erhalten!<\/p>\n<p><em>&#8222;Mit dieser hohen Punktzahl sind wir <strong>die beste Unterkunft in Zeeland geworden.&#8220;<\/strong><\/em><\/p>\n<p>&nbsp;<\/p>\n<p><strong>Geben Sie auch Ihre Bewertung bei <a class=\"no-ajax\" href=\"https:\/\/www.zoover.nl\/nederland\/zeeland\/grijpskerke\/minicamping-de-kreekrug\/camping\" target=\"_blank\" rel=\"noopener\">Zoover ab<\/a><\/strong><strong>!<\/strong>[\/vc_column_text][vc_empty_space height=&#8220;42px&#8220;][vc_single_image image=&#8220;353&#8243; img_size=&#8220;full&#8220; alignment=&#8220;center&#8220; onclick=&#8220;custom_link&#8220; img_link_target=&#8220;_blank&#8220; qode_css_animation=&#8220;&#8220; link=&#8220;https:%2F%2Fwww.zoover.nl%2Fnederland%2Fzeeland%2Fgrijpskerke%2Fminicamping-de-kreekrug%2Fcamping|&#8220;][\/qode_elements_holder_item][\/qode_elements_holder][\/vc_column][\/vc_row][vc_row css_animation=&#8220;&#8220; row_type=&#8220;row&#8220; use_row_as_full_screen_section=&#8220;no&#8220; type=&#8220;full_width&#8220; angled_section=&#8220;no&#8220; text_align=&#8220;left&#8220; background_image_as_pattern=&#8220;without_pattern&#8220;][vc_column][vc_single_image image=&#8220;291&#8243; img_size=&#8220;full&#8220; qode_css_animation=&#8220;&#8220;][\/vc_column][\/vc_row]<\/p>\n<\/div>","protected":false},"excerpt":{"rendered":"<p>[vc_row css_animation=&#8220;&#8220; row_type=&#8220;row&#8220; use_row_as_full_screen_section=&#8220;no&#8220; type=&#8220;full_width&#8220; angled_section=&#8220;no&#8220; text_align=&#8220;left&#8220; background_image_as_pattern=&#8220;without_pattern&#8220;][vc_column][vc_column_text][\/vc_column_text][\/vc_column][\/vc_row][vc_row css_animation=&#8220;&#8220; row_type=&#8220;row&#8220; use_row_as_full_screen_section=&#8220;no&#8220; type=&#8220;grid&#8220; angled_section=&#8220;no&#8220; text_align=&#8220;center&#8220; background_image_as_pattern=&#8220;without_pattern&#8220; z_index=&#8220;&#8220;][vc_column offset=&#8220;vc_col-lg-offset-2 vc_col-lg-8&#8243; css=&#8220;.vc_custom_1516710684527{margin-top: -134px !important;}&#8220;][qode_elements_holder number_of_columns=&#8220;one_column&#8220;][qode_elements_holder_item advanced_animations=&#8220;no&#8220; background_color=&#8220;#ffffff&#8220; item_padding=&#8220;38px 78px 57px 56px&#8220; item_padding_1280_1440=&#8220;38px 59px 57px 56px&#8220; item_padding_480=&#8220;38px 28px 57px 35px&#8220; item_padding_600_768=&#8220;38px 31px 57px 44px&#8220;][vc_column_text css=&#8220;&#8220;] SPIELEN F\u00dcR KINDER [\/vc_column_text][vc_empty_space&#8230;<\/p>\n","protected":false},"author":1,"featured_media":0,"parent":0,"menu_order":0,"comment_status":"closed","ping_status":"closed","template":"full_width.php","meta":{"footnotes":""},"class_list":["post-949","page","type-page","status-publish","hentry"],"yoast_head":"<!-- This site is optimized with the Yoast SEO plugin v27.5 - https:\/\/yoast.com\/product\/yoast-seo-wordpress\/ -->\n<title>Spielen f\u00fcr Kinder - Camping de Kreekrug<\/title>\n<meta name=\"robots\" content=\"index, follow, max-snippet:-1, max-image-preview:large, max-video-preview:-1\" \/>\n<link rel=\"canonical\" href=\"https:\/\/www.campingdekreekrug.nl\/de\/kinderactiviteiten\/\" \/>\n<meta property=\"og:locale\" content=\"de_DE\" \/>\n<meta property=\"og:type\" content=\"article\" \/>\n<meta property=\"og:title\" content=\"Spielen f\u00fcr Kinder - Camping de Kreekrug\" \/>\n<meta property=\"og:description\" content=\"[vc_row css_animation=&#8220;&#8220; row_type=&#8220;row&#8220; use_row_as_full_screen_section=&#8220;no&#8220; type=&#8220;full_width&#8220; angled_section=&#8220;no&#8220; text_align=&#8220;left&#8220; background_image_as_pattern=&#8220;without_pattern&#8220;][vc_column][vc_column_text][\/vc_column_text][\/vc_column][\/vc_row][vc_row css_animation=&#8220;&#8220; row_type=&#8220;row&#8220; use_row_as_full_screen_section=&#8220;no&#8220; type=&#8220;grid&#8220; angled_section=&#8220;no&#8220; text_align=&#8220;center&#8220; background_image_as_pattern=&#8220;without_pattern&#8220; z_index=&#8220;&#8220;][vc_column offset=&#8220;vc_col-lg-offset-2 vc_col-lg-8&#8243; css=&#8220;.vc_custom_1516710684527{margin-top: -134px !important;}&#8220;][qode_elements_holder number_of_columns=&#8220;one_column&#8220;][qode_elements_holder_item advanced_animations=&#8220;no&#8220; background_color=&#8220;#ffffff&#8220; item_padding=&#8220;38px 78px 57px 56px&#8220; item_padding_1280_1440=&#8220;38px 59px 57px 56px&#8220; item_padding_480=&#8220;38px 28px 57px 35px&#8220; item_padding_600_768=&#8220;38px 31px 57px 44px&#8220;][vc_column_text css=&#8220;&#8220;] SPIELEN F\u00dcR KINDER [\/vc_column_text][vc_empty_space...\" \/>\n<meta property=\"og:url\" content=\"https:\/\/www.campingdekreekrug.nl\/de\/kinderactiviteiten\/\" \/>\n<meta property=\"og:site_name\" content=\"Camping de Kreekrug\" \/>\n<meta property=\"article:modified_time\" content=\"2025-10-09T08:13:27+00:00\" \/>\n<meta name=\"twitter:card\" content=\"summary_large_image\" \/>\n<meta name=\"twitter:label1\" content=\"Gesch\u00e4tzte Lesezeit\" \/>\n\t<meta name=\"twitter:data1\" content=\"2\u00a0Minuten\" \/>\n<script type=\"application\/ld+json\" class=\"yoast-schema-graph\">{\"@context\":\"https:\\\/\\\/schema.org\",\"@graph\":[{\"@type\":\"WebPage\",\"@id\":\"https:\\\/\\\/www.campingdekreekrug.nl\\\/de\\\/kinderactiviteiten\\\/\",\"url\":\"https:\\\/\\\/www.campingdekreekrug.nl\\\/de\\\/kinderactiviteiten\\\/\",\"name\":\"Spielen f\u00fcr Kinder - Camping de Kreekrug\",\"isPartOf\":{\"@id\":\"https:\\\/\\\/www.campingdekreekrug.nl\\\/de\\\/#website\"},\"datePublished\":\"2021-11-04T12:56:28+00:00\",\"dateModified\":\"2025-10-09T08:13:27+00:00\",\"breadcrumb\":{\"@id\":\"https:\\\/\\\/www.campingdekreekrug.nl\\\/de\\\/kinderactiviteiten\\\/#breadcrumb\"},\"inLanguage\":\"de\",\"potentialAction\":[{\"@type\":\"ReadAction\",\"target\":[\"https:\\\/\\\/www.campingdekreekrug.nl\\\/de\\\/kinderactiviteiten\\\/\"]}]},{\"@type\":\"BreadcrumbList\",\"@id\":\"https:\\\/\\\/www.campingdekreekrug.nl\\\/de\\\/kinderactiviteiten\\\/#breadcrumb\",\"itemListElement\":[{\"@type\":\"ListItem\",\"position\":1,\"name\":\"Home\",\"item\":\"https:\\\/\\\/www.campingdekreekrug.nl\\\/de\\\/\"},{\"@type\":\"ListItem\",\"position\":2,\"name\":\"Spielen f\u00fcr Kinder\"}]},{\"@type\":\"WebSite\",\"@id\":\"https:\\\/\\\/www.campingdekreekrug.nl\\\/de\\\/#website\",\"url\":\"https:\\\/\\\/www.campingdekreekrug.nl\\\/de\\\/\",\"name\":\"Camping de Kreekrug\",\"description\":\"En nog een WordPress site\",\"potentialAction\":[{\"@type\":\"SearchAction\",\"target\":{\"@type\":\"EntryPoint\",\"urlTemplate\":\"https:\\\/\\\/www.campingdekreekrug.nl\\\/de\\\/?s={search_term_string}\"},\"query-input\":{\"@type\":\"PropertyValueSpecification\",\"valueRequired\":true,\"valueName\":\"search_term_string\"}}],\"inLanguage\":\"de\"}]}<\/script>\n<!-- \/ Yoast SEO plugin. -->","yoast_head_json":{"title":"Spielen f\u00fcr Kinder - Camping de Kreekrug","robots":{"index":"index","follow":"follow","max-snippet":"max-snippet:-1","max-image-preview":"max-image-preview:large","max-video-preview":"max-video-preview:-1"},"canonical":"https:\/\/www.campingdekreekrug.nl\/de\/kinderactiviteiten\/","og_locale":"de_DE","og_type":"article","og_title":"Spielen f\u00fcr Kinder - Camping de Kreekrug","og_description":"[vc_row css_animation=&#8220;&#8220; row_type=&#8220;row&#8220; use_row_as_full_screen_section=&#8220;no&#8220; type=&#8220;full_width&#8220; angled_section=&#8220;no&#8220; text_align=&#8220;left&#8220; background_image_as_pattern=&#8220;without_pattern&#8220;][vc_column][vc_column_text][\/vc_column_text][\/vc_column][\/vc_row][vc_row css_animation=&#8220;&#8220; row_type=&#8220;row&#8220; use_row_as_full_screen_section=&#8220;no&#8220; type=&#8220;grid&#8220; angled_section=&#8220;no&#8220; text_align=&#8220;center&#8220; background_image_as_pattern=&#8220;without_pattern&#8220; z_index=&#8220;&#8220;][vc_column offset=&#8220;vc_col-lg-offset-2 vc_col-lg-8&#8243; css=&#8220;.vc_custom_1516710684527{margin-top: -134px !important;}&#8220;][qode_elements_holder number_of_columns=&#8220;one_column&#8220;][qode_elements_holder_item advanced_animations=&#8220;no&#8220; background_color=&#8220;#ffffff&#8220; item_padding=&#8220;38px 78px 57px 56px&#8220; item_padding_1280_1440=&#8220;38px 59px 57px 56px&#8220; item_padding_480=&#8220;38px 28px 57px 35px&#8220; item_padding_600_768=&#8220;38px 31px 57px 44px&#8220;][vc_column_text css=&#8220;&#8220;] SPIELEN F\u00dcR KINDER [\/vc_column_text][vc_empty_space...","og_url":"https:\/\/www.campingdekreekrug.nl\/de\/kinderactiviteiten\/","og_site_name":"Camping de Kreekrug","article_modified_time":"2025-10-09T08:13:27+00:00","twitter_card":"summary_large_image","twitter_misc":{"Gesch\u00e4tzte Lesezeit":"2\u00a0Minuten"},"schema":{"@context":"https:\/\/schema.org","@graph":[{"@type":"WebPage","@id":"https:\/\/www.campingdekreekrug.nl\/de\/kinderactiviteiten\/","url":"https:\/\/www.campingdekreekrug.nl\/de\/kinderactiviteiten\/","name":"Spielen f\u00fcr Kinder - Camping de Kreekrug","isPartOf":{"@id":"https:\/\/www.campingdekreekrug.nl\/de\/#website"},"datePublished":"2021-11-04T12:56:28+00:00","dateModified":"2025-10-09T08:13:27+00:00","breadcrumb":{"@id":"https:\/\/www.campingdekreekrug.nl\/de\/kinderactiviteiten\/#breadcrumb"},"inLanguage":"de","potentialAction":[{"@type":"ReadAction","target":["https:\/\/www.campingdekreekrug.nl\/de\/kinderactiviteiten\/"]}]},{"@type":"BreadcrumbList","@id":"https:\/\/www.campingdekreekrug.nl\/de\/kinderactiviteiten\/#breadcrumb","itemListElement":[{"@type":"ListItem","position":1,"name":"Home","item":"https:\/\/www.campingdekreekrug.nl\/de\/"},{"@type":"ListItem","position":2,"name":"Spielen f\u00fcr Kinder"}]},{"@type":"WebSite","@id":"https:\/\/www.campingdekreekrug.nl\/de\/#website","url":"https:\/\/www.campingdekreekrug.nl\/de\/","name":"Camping de Kreekrug","description":"En nog een WordPress site","potentialAction":[{"@type":"SearchAction","target":{"@type":"EntryPoint","urlTemplate":"https:\/\/www.campingdekreekrug.nl\/de\/?s={search_term_string}"},"query-input":{"@type":"PropertyValueSpecification","valueRequired":true,"valueName":"search_term_string"}}],"inLanguage":"de"}]}},"_links":{"self":[{"href":"https:\/\/www.campingdekreekrug.nl\/de\/wp-json\/wp\/v2\/pages\/949","targetHints":{"allow":["GET"]}}],"collection":[{"href":"https:\/\/www.campingdekreekrug.nl\/de\/wp-json\/wp\/v2\/pages"}],"about":[{"href":"https:\/\/www.campingdekreekrug.nl\/de\/wp-json\/wp\/v2\/types\/page"}],"author":[{"embeddable":true,"href":"https:\/\/www.campingdekreekrug.nl\/de\/wp-json\/wp\/v2\/users\/1"}],"replies":[{"embeddable":true,"href":"https:\/\/www.campingdekreekrug.nl\/de\/wp-json\/wp\/v2\/comments?post=949"}],"version-history":[{"count":30,"href":"https:\/\/www.campingdekreekrug.nl\/de\/wp-json\/wp\/v2\/pages\/949\/revisions"}],"predecessor-version":[{"id":1898,"href":"https:\/\/www.campingdekreekrug.nl\/de\/wp-json\/wp\/v2\/pages\/949\/revisions\/1898"}],"wp:attachment":[{"href":"https:\/\/www.campingdekreekrug.nl\/de\/wp-json\/wp\/v2\/media?parent=949"}],"curies":[{"name":"wp","href":"https:\/\/api.w.org\/{rel}","templated":true}]}}