{"id":950,"date":"2021-11-04T12:38:19","date_gmt":"2021-11-04T12:38:19","guid":{"rendered":"https:\/\/www.campingdekreekrug.nl\/faciliteiten\/"},"modified":"2025-10-09T07:57:14","modified_gmt":"2025-10-09T07:57:14","slug":"faciliteiten","status":"publish","type":"page","link":"https:\/\/www.campingdekreekrug.nl\/de\/faciliteiten\/","title":{"rendered":"Einrichtungen"},"content":{"rendered":"<div class=\"wpb-content-wrapper\"><p>[vc_row css_animation=&#8220;&#8220; row_type=&#8220;row&#8220; use_row_as_full_screen_section=&#8220;no&#8220; type=&#8220;full_width&#8220; angled_section=&#8220;no&#8220; text_align=&#8220;left&#8220; background_image_as_pattern=&#8220;without_pattern&#8220;][vc_column]\n\t\t\t<!-- START Faciliteiten Kreekrug REVOLUTION SLIDER 6.7.37 --><p class=\"rs-p-wp-fix\"><\/p>\n\t\t\t<rs-module-wrap id=\"rev_slider_9_1_wrapper\" data-source=\"gallery\" style=\"visibility:hidden;background:transparent;padding:0;margin:0px auto;margin-top:0;margin-bottom:0;\">\n\t\t\t\t<rs-module id=\"rev_slider_9_1\" style=\"\" data-version=\"6.7.37\">\n\t\t\t\t\t<rs-slides style=\"overflow: hidden; position: absolute;\">\n\t\t\t\t\t\t<rs-slide style=\"position: absolute;\" data-key=\"rs-24\" data-title=\"Slide\" data-in=\"o:0;\" data-out=\"a:false;\">\n\t\t\t\t\t\t\t<img fetchpriority=\"high\" decoding=\"async\" src=\"\/\/www.campingdekreekrug.nl\/wp-content\/plugins\/revslider\/sr6\/assets\/assets\/dummy.png\" alt=\"\" title=\"Camping-de-kreekrug-2025-adjust\" width=\"1512\" height=\"885\" class=\"rev-slidebg tp-rs-img rs-lazyload\" data-lazyload=\"\/\/www.campingdekreekrug.nl\/wp-content\/uploads\/2025\/10\/Camping-de-kreekrug-2025-adjust.jpg\" data-no-retina>\n<!--\n\t\t\t\t\t\t\t--><rs-layer\n\t\t\t\t\t\t\t\tid=\"slider-9-slide-24-layer-0\" \n\t\t\t\t\t\t\t\tdata-type=\"image\"\n\t\t\t\t\t\t\t\tdata-rsp_ch=\"on\"\n\t\t\t\t\t\t\t\tdata-xy=\"x:r;xo:150px,112px,66px,23px;y:m;yo:0,0,0,22px;\"\n\t\t\t\t\t\t\t\tdata-text=\"w:normal;s:20,15,8,4;l:0,18,10,6;\"\n\t\t\t\t\t\t\t\tdata-dim=\"w:350px,262px,192px,186px;h:479px,359px,263px,254px;\"\n\t\t\t\t\t\t\t\tdata-frame_999=\"o:0;st:w;\"\n\t\t\t\t\t\t\t\tstyle=\"z-index:5;\"\n\t\t\t\t\t\t\t><img decoding=\"async\" src=\"\/\/www.campingdekreekrug.nl\/wp-content\/plugins\/revslider\/sr6\/assets\/assets\/dummy.png\" alt=\"\" class=\"tp-rs-img rs-lazyload\" width=\"350\" height=\"479\" data-lazyload=\"\/\/www.campingdekreekrug.nl\/wp-content\/uploads\/2025\/10\/beste-camping-zoover-95.png\" data-no-retina> \n\t\t\t\t\t\t\t<\/rs-layer><!--\n-->\t\t\t\t\t<\/rs-slide>\n\t\t\t\t\t\t<rs-slide style=\"position: absolute;\" data-key=\"rs-23\" data-title=\"Slide\" data-in=\"o:0;\" data-out=\"a:false;\">\n\t\t\t\t\t\t\t<img decoding=\"async\" src=\"\/\/www.campingdekreekrug.nl\/wp-content\/plugins\/revslider\/sr6\/assets\/assets\/dummy.png\" alt=\"\" title=\"slider-kreekrug-afwassen\" width=\"2200\" height=\"1078\" class=\"rev-slidebg tp-rs-img rs-lazyload\" data-lazyload=\"\/\/www.campingdekreekrug.nl\/wp-content\/uploads\/2021\/11\/slider-kreekrug-afwassen.jpg\" data-no-retina>\n<!--\n\t\t\t\t\t\t\t--><rs-layer\n\t\t\t\t\t\t\t\tid=\"slider-9-slide-23-layer-0\" \n\t\t\t\t\t\t\t\tdata-type=\"image\"\n\t\t\t\t\t\t\t\tdata-rsp_ch=\"on\"\n\t\t\t\t\t\t\t\tdata-xy=\"x:r;xo:150px,112px,66px,37px;y:m;\"\n\t\t\t\t\t\t\t\tdata-text=\"w:normal;s:20,15,8,4;l:0,18,10,6;\"\n\t\t\t\t\t\t\t\tdata-dim=\"w:350px,262px,192px,151px;h:479px,359px,263px,207px;\"\n\t\t\t\t\t\t\t\tdata-frame_999=\"o:0;st:w;\"\n\t\t\t\t\t\t\t\tstyle=\"z-index:5;\"\n\t\t\t\t\t\t\t><img decoding=\"async\" src=\"\/\/www.campingdekreekrug.nl\/wp-content\/plugins\/revslider\/sr6\/assets\/assets\/dummy.png\" alt=\"\" class=\"tp-rs-img rs-lazyload\" width=\"350\" height=\"479\" data-lazyload=\"\/\/www.campingdekreekrug.nl\/wp-content\/uploads\/2025\/10\/beste-camping-zoover-95.png\" data-no-retina> \n\t\t\t\t\t\t\t<\/rs-layer><!--\n-->\t\t\t\t\t<\/rs-slide>\n\t\t\t\t\t<\/rs-slides>\n\t\t\t\t\t<rs-static-layers><!--\n\t\t\t\t\t--><\/rs-static-layers>\n\t\t\t\t<\/rs-module>\n\t\t\t\t<script>\n\t\t\t\t\tsetREVStartSize({c: 'rev_slider_9_1',rl:[1240,1024,778,480],el:[830,768,600,630],gw:[1920,1441,850,480],gh:[830,768,600,630],type:'standard',justify:'',layout:'fullwidth',mh:\"0\"});if (window.RS_MODULES!==undefined && window.RS_MODULES.modules!==undefined && window.RS_MODULES.modules[\"revslider91\"]!==undefined) {window.RS_MODULES.modules[\"revslider91\"].once = false;window.revapi9 = undefined;if (window.RS_MODULES.checkMinimal!==undefined) window.RS_MODULES.checkMinimal()}\n\t\t\t\t<\/script>\n\t\t\t<\/rs-module-wrap>\n\t\t\t<!-- END REVOLUTION SLIDER -->\n[\/vc_column][\/vc_row][vc_row css_animation=&#8220;&#8220; row_type=&#8220;row&#8220; use_row_as_full_screen_section=&#8220;no&#8220; type=&#8220;grid&#8220; angled_section=&#8220;no&#8220; text_align=&#8220;center&#8220; background_image_as_pattern=&#8220;without_pattern&#8220; z_index=&#8220;&#8220;][vc_column offset=&#8220;vc_col-lg-offset-2 vc_col-lg-8&#8243; css=&#8220;.vc_custom_1516710684527{margin-top: -134px !important;}&#8220;][qode_elements_holder number_of_columns=&#8220;one_column&#8220;][qode_elements_holder_item advanced_animations=&#8220;no&#8220; background_color=&#8220;#ffffff&#8220; item_padding=&#8220;38px 78px 57px 56px&#8220; item_padding_1280_1440=&#8220;38px 59px 57px 56px&#8220; item_padding_480=&#8220;38px 28px 57px 35px&#8220; item_padding_600_768=&#8220;38px 31px 57px 44px&#8220;][vc_column_text]<\/p>\n<h1 style=\"text-align: center;\">EINRICHTUNGEN<\/h1>\n<p>[\/vc_column_text][vc_empty_space height=&#8220;29px&#8220;][vc_column_text]<\/p>\n<h5>Beim Kreekrug m\u00f6chten wir, dass Sie einen unbeschwerten Urlaub verleben. Es gibt kostenloses WLAN, es gibt einen gem\u00fctlichen und beheizten Aufenthaltsraum, wir haben super saubere, moderne Sanit\u00e4ranlagen und seit kurzem auch eine sch\u00f6ne Au\u00dfendusche.<\/h5>\n<p>[\/vc_column_text][\/qode_elements_holder_item][\/qode_elements_holder][\/vc_column][\/vc_row][vc_row css_animation=&#8220;&#8220; row_type=&#8220;row&#8220; use_row_as_full_screen_section=&#8220;no&#8220; type=&#8220;full_width&#8220; angled_section=&#8220;no&#8220; text_align=&#8220;left&#8220; background_image_as_pattern=&#8220;without_pattern&#8220; z_index=&#8220;&#8220; css=&#8220;.vc_custom_1516721918697{padding-top: 115px !important;}&#8220;][vc_column][vc_column_text]<\/p>\n<h1 class=\"short\" style=\"text-align: center;\">Einrichtungen auf dem Minicampingplatz<\/h1>\n<p>[\/vc_column_text][vc_column_text css=&#8220;&#8220;]<\/p>\n<h2>Neu! Super sch\u00f6ne beheizte Au\u00dfenduschen<\/h2>\n<p>&nbsp;<\/p>\n<h3>Aber wir haben noch viel mehr zu bieten:<\/h3>\n<ul>\n<li>Selbstverst\u00e4ndlich bieten wir kostenloses WLAN.<\/li>\n<li>Es gibt einen gem\u00fctlichen und beheizten Aufenthaltsraum mit Sp\u00fcle, K\u00fcchenschr\u00e4nken, K\u00fchlschrank, Gefrierschrank und Fernseher zur allgemeinen Nutzung.<\/li>\n<li>Gegen Geb\u00fchr k\u00f6nnen Sie die Waschmaschine und den Trockner benutzen.<\/li>\n<li>F\u00fcr Fahrr\u00e4der stehen \u00fcberdachte Parkpl\u00e4tze zur Verf\u00fcgung.<\/li>\n<li>Und wir haben an beiden Sanit\u00e4rgeb\u00e4uden eine sch\u00f6ne beheizte Au\u00dfendusche.<\/li>\n<\/ul>\n<p>[\/vc_column_text][vc_empty_space height=&#8220;42px&#8220;]<div class='qode_image_gallery_no_space dark highlight_active'>\n            <div class='qode_image_gallery_holder' style=''>\n                <ul ><li style=\"opacity: 0.3\">\n                    <div style=\" width:800px;\"><a itemprop=\"image\" class=\"prettyphoto\" data-rel=\"prettyPhoto[rel-577496976]\" href=\"https:\/\/www.campingdekreekrug.nl\/wp-content\/uploads\/2021\/11\/de-kreekrug-faciliteiten-2.jpg\"><img decoding=\"async\" itemprop=\"image\" src=\"https:\/\/www.campingdekreekrug.nl\/wp-content\/uploads\/2021\/11\/de-kreekrug-faciliteiten-2.jpg\" alt=\"\" \/><\/a><\/div><\/li><li style=\"opacity: 0.3\">\n                    <div style=\" width:800px;\"><a itemprop=\"image\" class=\"prettyphoto\" data-rel=\"prettyPhoto[rel-577496976]\" href=\"https:\/\/www.campingdekreekrug.nl\/wp-content\/uploads\/2021\/11\/de-kreekrug-afwassen-.jpg\"><img decoding=\"async\" itemprop=\"image\" src=\"https:\/\/www.campingdekreekrug.nl\/wp-content\/uploads\/2021\/11\/de-kreekrug-afwassen-.jpg\" alt=\"\" \/><\/a><\/div><\/li><li style=\"opacity: 0.3\">\n                    <div style=\" width:1200px;\"><a itemprop=\"image\" class=\"prettyphoto\" data-rel=\"prettyPhoto[rel-577496976]\" href=\"https:\/\/www.campingdekreekrug.nl\/wp-content\/uploads\/2025\/10\/Camping-de-kreekrug-2025-34.jpeg\"><img decoding=\"async\" itemprop=\"image\" src=\"https:\/\/www.campingdekreekrug.nl\/wp-content\/uploads\/2025\/10\/Camping-de-kreekrug-2025-34.jpeg\" alt=\"\" \/><\/a><\/div><\/li><li style=\"opacity: 0.3\">\n                    <div style=\" width:1512px;\"><a itemprop=\"image\" class=\"prettyphoto\" data-rel=\"prettyPhoto[rel-577496976]\" href=\"https:\/\/www.campingdekreekrug.nl\/wp-content\/uploads\/2025\/10\/Camping-de-kreekrug-2025-adjust.jpg\"><img decoding=\"async\" itemprop=\"image\" src=\"https:\/\/www.campingdekreekrug.nl\/wp-content\/uploads\/2025\/10\/Camping-de-kreekrug-2025-adjust.jpg\" alt=\"\" \/><\/a><\/div><\/li><li style=\"opacity: 0.3\">\n                    <div style=\" width:1200px;\"><a itemprop=\"image\" class=\"prettyphoto\" data-rel=\"prettyPhoto[rel-577496976]\" href=\"https:\/\/www.campingdekreekrug.nl\/wp-content\/uploads\/2025\/10\/Camping-de-kreekrug-2025-11.jpeg\"><img decoding=\"async\" itemprop=\"image\" src=\"https:\/\/www.campingdekreekrug.nl\/wp-content\/uploads\/2025\/10\/Camping-de-kreekrug-2025-11.jpeg\" alt=\"\" \/><\/a><\/div><\/li><li style=\"opacity: 0.3\">\n                    <div style=\" width:1600px;\"><a itemprop=\"image\" class=\"prettyphoto\" data-rel=\"prettyPhoto[rel-577496976]\" href=\"https:\/\/www.campingdekreekrug.nl\/wp-content\/uploads\/2025\/10\/Camping-de-kreekrug-2025-10.jpeg\"><img decoding=\"async\" itemprop=\"image\" src=\"https:\/\/www.campingdekreekrug.nl\/wp-content\/uploads\/2025\/10\/Camping-de-kreekrug-2025-10.jpeg\" alt=\"\" \/><\/a><\/div><\/li><li style=\"opacity: 0.3\">\n                    <div style=\" width:1200px;\"><a itemprop=\"image\" class=\"prettyphoto\" data-rel=\"prettyPhoto[rel-577496976]\" href=\"https:\/\/www.campingdekreekrug.nl\/wp-content\/uploads\/2025\/10\/Camping-de-kreekrug-2025-9.jpeg\"><img decoding=\"async\" itemprop=\"image\" src=\"https:\/\/www.campingdekreekrug.nl\/wp-content\/uploads\/2025\/10\/Camping-de-kreekrug-2025-9.jpeg\" alt=\"\" \/><\/a><\/div><\/li><li style=\"opacity: 0.3\">\n                    <div style=\" width:800px;\"><a itemprop=\"image\" class=\"prettyphoto\" data-rel=\"prettyPhoto[rel-577496976]\" href=\"https:\/\/www.campingdekreekrug.nl\/wp-content\/uploads\/2022\/08\/sanitair-kader.jpg\"><img decoding=\"async\" itemprop=\"image\" src=\"https:\/\/www.campingdekreekrug.nl\/wp-content\/uploads\/2022\/08\/sanitair-kader.jpg\" alt=\"\" \/><\/a><\/div><\/li><li style=\"opacity: 0.3\">\n                    <div style=\" width:800px;\"><a itemprop=\"image\" class=\"prettyphoto\" data-rel=\"prettyPhoto[rel-577496976]\" href=\"https:\/\/www.campingdekreekrug.nl\/wp-content\/uploads\/2021\/11\/de-kreekrug-afwassen-2-.jpg\"><img decoding=\"async\" itemprop=\"image\" src=\"https:\/\/www.campingdekreekrug.nl\/wp-content\/uploads\/2021\/11\/de-kreekrug-afwassen-2-.jpg\" alt=\"\" \/><\/a><\/div><\/li><\/ul>\n          <\/div>\n          <div class='controls'>\n              <a class='prev-slide' href='#'><span><i class='fa fa-angle-left'><\/i><\/span><\/a>\n              <a class='next-slide' href='#'><span><i class='fa fa-angle-right'><\/i><\/span><\/a>\n          <\/div>\n      <\/div>[vc_empty_space height=&#8220;42px&#8220;][\/vc_column][\/vc_row][vc_row css_animation=&#8220;&#8220; row_type=&#8220;row&#8220; use_row_as_full_screen_section=&#8220;no&#8220; type=&#8220;grid&#8220; angled_section=&#8220;no&#8220; text_align=&#8220;center&#8220; background_image_as_pattern=&#8220;without_pattern&#8220; z_index=&#8220;&#8220;][vc_column offset=&#8220;vc_col-lg-offset-2 vc_col-lg-8&#8243; css=&#8220;.vc_custom_1516710684527{margin-top: -134px !important;}&#8220;][qode_elements_holder number_of_columns=&#8220;one_column&#8220;][qode_elements_holder_item advanced_animations=&#8220;no&#8220; background_color=&#8220;#ffffff&#8220; item_padding=&#8220;38px 78px 57px 56px&#8220; item_padding_1280_1440=&#8220;38px 59px 57px 56px&#8220; item_padding_480=&#8220;38px 28px 57px 35px&#8220; item_padding_600_768=&#8220;38px 31px 57px 44px&#8220;][vc_column_text]<\/p>\n<h2>Sanit\u00e4re Einrichtungen auf dem Kreekrug Minicampingplatz<\/h2>\n<p>Minicamping de Kreekrug verf\u00fcgt \u00fcber zwei komfortabele Sanit\u00e4ranlagen.[\/vc_column_text][vc_empty_space height=&#8220;24px&#8220;][vc_column_text]<\/p>\n<h3>Sanit\u00e4rgeb\u00e4ude Eins:<\/h3>\n<p>\u2022 Vollst\u00e4ndig beheizt.<br \/>\n\u2022 Damenseite: zwei Toiletten, zwei Duschen, zwei Waschbecken<br \/>\n\u2022 Herrenseite: zwei Toiletten, zwei Duschen, zwei Waschbecken<br \/>\n\u2022 Drei Sp\u00fcltische au\u00dfen mit Abtropfgestellen<br \/>\n\u2022 Entsorgungsbereich f\u00fcr Chemietoiletten[\/vc_column_text][vc_empty_space height=&#8220;42px&#8220;][vc_column_text]<\/p>\n<h3>Sanit\u00e4rgeb\u00e4ude Zwei:<\/h3>\n<p>\u2022 Vollst\u00e4ndig beheizt.<br \/>\n\u2022 2 Toiletten, eine davon eine Seniorentoilette<br \/>\n\u2022 Eine Familiendusche<br \/>\n\u2022 Zwei Sp\u00fcltische au\u00dfen mit Abtropfgestellen<br \/>\n\u2022 Entsorgungsbereich f\u00fcr Chemietoiletten<br \/>\n\u2022 Warmwasser ist im Preis inbegriffen.<br \/>\n\u2022 Sie brauchen keine M\u00fcnzen f\u00fcr die Dusche und den Sp\u00fcltisch.<br \/>\n[\/vc_column_text][vc_empty_space height=&#8220;42px&#8220;][\/qode_elements_holder_item][\/qode_elements_holder][\/vc_column][\/vc_row][vc_row css_animation=&#8220;&#8220; row_type=&#8220;row&#8220; use_row_as_full_screen_section=&#8220;no&#8220; type=&#8220;full_width&#8220; angled_section=&#8220;no&#8220; text_align=&#8220;left&#8220; background_image_as_pattern=&#8220;without_pattern&#8220;][vc_column][vc_single_image image=&#8220;1631&#8243; img_size=&#8220;full&#8220; qode_css_animation=&#8220;&#8220;][\/vc_column][\/vc_row]<\/p>\n<\/div>","protected":false},"excerpt":{"rendered":"<p>[vc_row css_animation=&#8220;&#8220; row_type=&#8220;row&#8220; use_row_as_full_screen_section=&#8220;no&#8220; type=&#8220;full_width&#8220; angled_section=&#8220;no&#8220; text_align=&#8220;left&#8220; background_image_as_pattern=&#8220;without_pattern&#8220;][vc_column][\/vc_column][\/vc_row][vc_row css_animation=&#8220;&#8220; row_type=&#8220;row&#8220; use_row_as_full_screen_section=&#8220;no&#8220; type=&#8220;grid&#8220; angled_section=&#8220;no&#8220; text_align=&#8220;center&#8220; background_image_as_pattern=&#8220;without_pattern&#8220; z_index=&#8220;&#8220;][vc_column offset=&#8220;vc_col-lg-offset-2 vc_col-lg-8&#8243; css=&#8220;.vc_custom_1516710684527{margin-top: -134px !important;}&#8220;][qode_elements_holder number_of_columns=&#8220;one_column&#8220;][qode_elements_holder_item advanced_animations=&#8220;no&#8220; background_color=&#8220;#ffffff&#8220; item_padding=&#8220;38px 78px 57px 56px&#8220; item_padding_1280_1440=&#8220;38px 59px 57px 56px&#8220; item_padding_480=&#8220;38px 28px 57px 35px&#8220; item_padding_600_768=&#8220;38px 31px 57px 44px&#8220;][vc_column_text] EINRICHTUNGEN [\/vc_column_text][vc_empty_space height=&#8220;29px&#8220;][vc_column_text] Beim Kreekrug&#8230;<\/p>\n","protected":false},"author":1,"featured_media":0,"parent":0,"menu_order":0,"comment_status":"closed","ping_status":"closed","template":"full_width.php","meta":{"footnotes":""},"class_list":["post-950","page","type-page","status-publish","hentry"],"yoast_head":"<!-- This site is optimized with the Yoast SEO plugin v27.5 - https:\/\/yoast.com\/product\/yoast-seo-wordpress\/ -->\n<title>Einrichtungen - Camping de Kreekrug<\/title>\n<meta name=\"robots\" content=\"index, follow, max-snippet:-1, max-image-preview:large, max-video-preview:-1\" \/>\n<link rel=\"canonical\" href=\"https:\/\/www.campingdekreekrug.nl\/de\/faciliteiten\/\" \/>\n<meta property=\"og:locale\" content=\"de_DE\" \/>\n<meta property=\"og:type\" content=\"article\" \/>\n<meta property=\"og:title\" content=\"Einrichtungen - Camping de Kreekrug\" \/>\n<meta property=\"og:description\" content=\"[vc_row css_animation=&#8220;&#8220; row_type=&#8220;row&#8220; use_row_as_full_screen_section=&#8220;no&#8220; type=&#8220;full_width&#8220; angled_section=&#8220;no&#8220; text_align=&#8220;left&#8220; background_image_as_pattern=&#8220;without_pattern&#8220;][vc_column][\/vc_column][\/vc_row][vc_row css_animation=&#8220;&#8220; row_type=&#8220;row&#8220; use_row_as_full_screen_section=&#8220;no&#8220; type=&#8220;grid&#8220; angled_section=&#8220;no&#8220; text_align=&#8220;center&#8220; background_image_as_pattern=&#8220;without_pattern&#8220; z_index=&#8220;&#8220;][vc_column offset=&#8220;vc_col-lg-offset-2 vc_col-lg-8&#8243; css=&#8220;.vc_custom_1516710684527{margin-top: -134px !important;}&#8220;][qode_elements_holder number_of_columns=&#8220;one_column&#8220;][qode_elements_holder_item advanced_animations=&#8220;no&#8220; background_color=&#8220;#ffffff&#8220; item_padding=&#8220;38px 78px 57px 56px&#8220; item_padding_1280_1440=&#8220;38px 59px 57px 56px&#8220; item_padding_480=&#8220;38px 28px 57px 35px&#8220; item_padding_600_768=&#8220;38px 31px 57px 44px&#8220;][vc_column_text] EINRICHTUNGEN [\/vc_column_text][vc_empty_space height=&#8220;29px&#8220;][vc_column_text] Beim Kreekrug...\" \/>\n<meta property=\"og:url\" content=\"https:\/\/www.campingdekreekrug.nl\/de\/faciliteiten\/\" \/>\n<meta property=\"og:site_name\" content=\"Camping de Kreekrug\" \/>\n<meta property=\"article:modified_time\" content=\"2025-10-09T07:57:14+00:00\" \/>\n<meta name=\"twitter:card\" content=\"summary_large_image\" \/>\n<meta name=\"twitter:label1\" content=\"Gesch\u00e4tzte Lesezeit\" \/>\n\t<meta name=\"twitter:data1\" content=\"4\u00a0Minuten\" \/>\n<script type=\"application\/ld+json\" class=\"yoast-schema-graph\">{\"@context\":\"https:\\\/\\\/schema.org\",\"@graph\":[{\"@type\":\"WebPage\",\"@id\":\"https:\\\/\\\/www.campingdekreekrug.nl\\\/de\\\/faciliteiten\\\/\",\"url\":\"https:\\\/\\\/www.campingdekreekrug.nl\\\/de\\\/faciliteiten\\\/\",\"name\":\"Einrichtungen - Camping de Kreekrug\",\"isPartOf\":{\"@id\":\"https:\\\/\\\/www.campingdekreekrug.nl\\\/de\\\/#website\"},\"datePublished\":\"2021-11-04T12:38:19+00:00\",\"dateModified\":\"2025-10-09T07:57:14+00:00\",\"breadcrumb\":{\"@id\":\"https:\\\/\\\/www.campingdekreekrug.nl\\\/de\\\/faciliteiten\\\/#breadcrumb\"},\"inLanguage\":\"de\",\"potentialAction\":[{\"@type\":\"ReadAction\",\"target\":[\"https:\\\/\\\/www.campingdekreekrug.nl\\\/de\\\/faciliteiten\\\/\"]}]},{\"@type\":\"BreadcrumbList\",\"@id\":\"https:\\\/\\\/www.campingdekreekrug.nl\\\/de\\\/faciliteiten\\\/#breadcrumb\",\"itemListElement\":[{\"@type\":\"ListItem\",\"position\":1,\"name\":\"Home\",\"item\":\"https:\\\/\\\/www.campingdekreekrug.nl\\\/de\\\/\"},{\"@type\":\"ListItem\",\"position\":2,\"name\":\"Einrichtungen\"}]},{\"@type\":\"WebSite\",\"@id\":\"https:\\\/\\\/www.campingdekreekrug.nl\\\/de\\\/#website\",\"url\":\"https:\\\/\\\/www.campingdekreekrug.nl\\\/de\\\/\",\"name\":\"Camping de Kreekrug\",\"description\":\"En nog een WordPress site\",\"potentialAction\":[{\"@type\":\"SearchAction\",\"target\":{\"@type\":\"EntryPoint\",\"urlTemplate\":\"https:\\\/\\\/www.campingdekreekrug.nl\\\/de\\\/?s={search_term_string}\"},\"query-input\":{\"@type\":\"PropertyValueSpecification\",\"valueRequired\":true,\"valueName\":\"search_term_string\"}}],\"inLanguage\":\"de\"}]}<\/script>\n<!-- \/ Yoast SEO plugin. -->","yoast_head_json":{"title":"Einrichtungen - Camping de Kreekrug","robots":{"index":"index","follow":"follow","max-snippet":"max-snippet:-1","max-image-preview":"max-image-preview:large","max-video-preview":"max-video-preview:-1"},"canonical":"https:\/\/www.campingdekreekrug.nl\/de\/faciliteiten\/","og_locale":"de_DE","og_type":"article","og_title":"Einrichtungen - Camping de Kreekrug","og_description":"[vc_row css_animation=&#8220;&#8220; row_type=&#8220;row&#8220; use_row_as_full_screen_section=&#8220;no&#8220; type=&#8220;full_width&#8220; angled_section=&#8220;no&#8220; text_align=&#8220;left&#8220; background_image_as_pattern=&#8220;without_pattern&#8220;][vc_column][\/vc_column][\/vc_row][vc_row css_animation=&#8220;&#8220; row_type=&#8220;row&#8220; use_row_as_full_screen_section=&#8220;no&#8220; type=&#8220;grid&#8220; angled_section=&#8220;no&#8220; text_align=&#8220;center&#8220; background_image_as_pattern=&#8220;without_pattern&#8220; z_index=&#8220;&#8220;][vc_column offset=&#8220;vc_col-lg-offset-2 vc_col-lg-8&#8243; css=&#8220;.vc_custom_1516710684527{margin-top: -134px !important;}&#8220;][qode_elements_holder number_of_columns=&#8220;one_column&#8220;][qode_elements_holder_item advanced_animations=&#8220;no&#8220; background_color=&#8220;#ffffff&#8220; item_padding=&#8220;38px 78px 57px 56px&#8220; item_padding_1280_1440=&#8220;38px 59px 57px 56px&#8220; item_padding_480=&#8220;38px 28px 57px 35px&#8220; item_padding_600_768=&#8220;38px 31px 57px 44px&#8220;][vc_column_text] EINRICHTUNGEN [\/vc_column_text][vc_empty_space height=&#8220;29px&#8220;][vc_column_text] Beim Kreekrug...","og_url":"https:\/\/www.campingdekreekrug.nl\/de\/faciliteiten\/","og_site_name":"Camping de Kreekrug","article_modified_time":"2025-10-09T07:57:14+00:00","twitter_card":"summary_large_image","twitter_misc":{"Gesch\u00e4tzte Lesezeit":"4\u00a0Minuten"},"schema":{"@context":"https:\/\/schema.org","@graph":[{"@type":"WebPage","@id":"https:\/\/www.campingdekreekrug.nl\/de\/faciliteiten\/","url":"https:\/\/www.campingdekreekrug.nl\/de\/faciliteiten\/","name":"Einrichtungen - Camping de Kreekrug","isPartOf":{"@id":"https:\/\/www.campingdekreekrug.nl\/de\/#website"},"datePublished":"2021-11-04T12:38:19+00:00","dateModified":"2025-10-09T07:57:14+00:00","breadcrumb":{"@id":"https:\/\/www.campingdekreekrug.nl\/de\/faciliteiten\/#breadcrumb"},"inLanguage":"de","potentialAction":[{"@type":"ReadAction","target":["https:\/\/www.campingdekreekrug.nl\/de\/faciliteiten\/"]}]},{"@type":"BreadcrumbList","@id":"https:\/\/www.campingdekreekrug.nl\/de\/faciliteiten\/#breadcrumb","itemListElement":[{"@type":"ListItem","position":1,"name":"Home","item":"https:\/\/www.campingdekreekrug.nl\/de\/"},{"@type":"ListItem","position":2,"name":"Einrichtungen"}]},{"@type":"WebSite","@id":"https:\/\/www.campingdekreekrug.nl\/de\/#website","url":"https:\/\/www.campingdekreekrug.nl\/de\/","name":"Camping de Kreekrug","description":"En nog een WordPress site","potentialAction":[{"@type":"SearchAction","target":{"@type":"EntryPoint","urlTemplate":"https:\/\/www.campingdekreekrug.nl\/de\/?s={search_term_string}"},"query-input":{"@type":"PropertyValueSpecification","valueRequired":true,"valueName":"search_term_string"}}],"inLanguage":"de"}]}},"_links":{"self":[{"href":"https:\/\/www.campingdekreekrug.nl\/de\/wp-json\/wp\/v2\/pages\/950","targetHints":{"allow":["GET"]}}],"collection":[{"href":"https:\/\/www.campingdekreekrug.nl\/de\/wp-json\/wp\/v2\/pages"}],"about":[{"href":"https:\/\/www.campingdekreekrug.nl\/de\/wp-json\/wp\/v2\/types\/page"}],"author":[{"embeddable":true,"href":"https:\/\/www.campingdekreekrug.nl\/de\/wp-json\/wp\/v2\/users\/1"}],"replies":[{"embeddable":true,"href":"https:\/\/www.campingdekreekrug.nl\/de\/wp-json\/wp\/v2\/comments?post=950"}],"version-history":[{"count":23,"href":"https:\/\/www.campingdekreekrug.nl\/de\/wp-json\/wp\/v2\/pages\/950\/revisions"}],"predecessor-version":[{"id":1887,"href":"https:\/\/www.campingdekreekrug.nl\/de\/wp-json\/wp\/v2\/pages\/950\/revisions\/1887"}],"wp:attachment":[{"href":"https:\/\/www.campingdekreekrug.nl\/de\/wp-json\/wp\/v2\/media?parent=950"}],"curies":[{"name":"wp","href":"https:\/\/api.w.org\/{rel}","templated":true}]}}