{"id":953,"date":"2021-11-02T08:19:48","date_gmt":"2021-11-02T08:19:48","guid":{"rendered":"https:\/\/www.campingdekreekrug.nl\/reserveer-uw-campingplaats\/"},"modified":"2025-04-24T15:32:46","modified_gmt":"2025-04-24T15:32:46","slug":"reserveer-uw-campingplaats","status":"publish","type":"page","link":"https:\/\/www.campingdekreekrug.nl\/de\/reserveer-uw-campingplaats\/","title":{"rendered":"BUCHEN SIE IHREN CAMPINGPLATZ"},"content":{"rendered":"<div class=\"wpb-content-wrapper\"><p>[vc_row css_animation=&#8220;&#8220; row_type=&#8220;row&#8220; use_row_as_full_screen_section=&#8220;no&#8220; type=&#8220;grid&#8220; angled_section=&#8220;no&#8220; text_align=&#8220;left&#8220; background_image_as_pattern=&#8220;without_pattern&#8220; z_index=&#8220;&#8220;][vc_column][vc_single_image image=&#8220;1354&#8243; img_size=&#8220;full&#8220; alignment=&#8220;center&#8220; qode_css_animation=&#8220;&#8220;][\/vc_column][\/vc_row][vc_row css_animation=&#8220;&#8220; row_type=&#8220;row&#8220; use_row_as_full_screen_section=&#8220;no&#8220; type=&#8220;grid&#8220; angled_section=&#8220;no&#8220; text_align=&#8220;center&#8220; background_image_as_pattern=&#8220;without_pattern&#8220; z_index=&#8220;&#8220;][vc_column offset=&#8220;vc_col-lg-offset-3 vc_col-lg-6 vc_col-md-offset-2 vc_col-md-8&#8243; el_class=&#8220;titelresponsiveomhoog&#8220;][qode_elements_holder number_of_columns=&#8220;one_column&#8220;][qode_elements_holder_item advanced_animations=&#8220;no&#8220; background_color=&#8220;#ffffff&#8220; item_padding=&#8220;42px 38px 59px 38px&#8220; item_padding_1280_1440=&#8220;42px 36px 59px 36px&#8220; item_padding_480=&#8220;10px 10px 10px 10px&#8220; item_padding_1024_1280=&#8220;40px 30px 40px 30px&#8220; item_padding_768_1024=&#8220;30px 20px 20px 30px&#8220; item_padding_600_768=&#8220;20px 20px 20px 20px&#8220; item_padding_480_600=&#8220;10px 20px 10px 20px&#8220;][vc_column_text]<\/p>\n<h1>Reservieren Sie Ihren Campingplatz<\/h1>\n<p>[\/vc_column_text][\/qode_elements_holder_item][\/qode_elements_holder][\/vc_column][\/vc_row][vc_row css_animation=&#8220;&#8220; row_type=&#8220;row&#8220; use_row_as_full_screen_section=&#8220;no&#8220; type=&#8220;grid&#8220; angled_section=&#8220;no&#8220; text_align=&#8220;left&#8220; background_image_as_pattern=&#8220;without_pattern&#8220; z_index=&#8220;&#8220; css=&#8220;.vc_custom_1516718442057{padding-top: 83px !important;}&#8220;][vc_column offset=&#8220;vc_col-lg-offset-1 vc_col-lg-10&#8243;][vc_empty_space height=&#8220;23px&#8220;][vc_column_text]<\/p>\n<h3>Reservieren Sie bei Minicamping de Kreekrug<\/h3>\n<p>[\/vc_column_text][vc_empty_space height=&#8220;30px&#8220;]<blockquote class='' style='border-left-color: #e48066;'><h5 class='blockquote-text' style=''>M\u00f6chten Sie auch einen der sch\u00f6nsten und gem\u00fctlichsten Orte Zeelands genie\u00dfen? Auf dem Bauernhof und Minicamping Kreekrug in Grijpskerke, auf der Insel Walcheren, sind Sie herzlich willkommen!<\/h5><\/blockquote>[vc_empty_space height=&#8220;23px&#8220;][vc_column_text]<\/p>\n<h3>Ab dem 4. Januar 2023 k\u00f6nnen Sie wieder \u00fcber unsere Website buchen.<\/h3>\n<p>[\/vc_column_text][vc_empty_space height=&#8220;23px&#8220;][vc_column_text]Wenn Sie Fragen zur Reservierung\/Buchung haben: k\u00f6nnen Sie uns anrufen oder eine Mail Schicken<\/p>\n<p><strong>E:<\/strong>\u00a0<a href=\"mailto:dekreekrug@planet.nl\">INFO@CAMPINGDEKREEKRUG.NL<\/a><br \/>\n<strong>M:<\/strong>\u00a0<a href=\"tel:0031611402998\">+31 (0)6 11 402 998<\/a>[\/vc_column_text][vc_empty_space height=&#8220;60px&#8220;][vc_column_text]<\/p>\n<div id=\"TommyBookingSupport\" data-widget=\"boeken\" data-apikey=\"81d566fb189d531865580ffde45ceb613b07dcf1c7e45a68729ab7928a5af2b5\" data-account=\"Kreekrug\" data-language=\"de\" data-country=\"de\" data-accommodatie=\"38112\" data-locatie-keuze=\"true\" data-locatie-keuze-voorkeursvraag=\"true\" data-verkoopkanaal=\"14028\" data-url-success=\"https:\/\/www.campingdekreekrug.nl\/de\/vielen-dank-fuer-ihre-buchung\/\" data-algemene-voorwaarden='https:\/\/www.campingdekreekrug.nl\/wp-content\/uploads\/2022\/02\/Leveringsvoorwaarden-vekabo-2021-duits.pdf'><\/div>\n<p>&nbsp;<\/p>\n<p>Wenn Sie Fragen zur Reservierung\/Buchung haben: k\u00f6nnen Sie uns anrufen oder eine Mail Schicken<\/p>\n<p><strong>E:<\/strong>\u00a0<a href=\"mailto:dekreekrug@planet.nl\">INFO@CAMPINGDEKREEKRUG.NL<\/a><br \/>\n<strong>M:<\/strong>\u00a0<a href=\"tel:0031611402998\">+31 (0)6 11 402 998<\/a>[\/vc_column_text][vc_empty_space height=&#8220;60px&#8220;][\/vc_column][\/vc_row][vc_row css_animation=&#8220;&#8220; row_type=&#8220;row&#8220; use_row_as_full_screen_section=&#8220;no&#8220; type=&#8220;full_width&#8220; angled_section=&#8220;no&#8220; text_align=&#8220;left&#8220; background_image_as_pattern=&#8220;without_pattern&#8220; z_index=&#8220;&#8220;][vc_column][vc_single_image image=&#8220;244&#8243; img_size=&#8220;full&#8220; alignment=&#8220;center&#8220; qode_css_animation=&#8220;&#8220;][vc_single_image image=&#8220;238&#8243; img_size=&#8220;full&#8220; alignment=&#8220;center&#8220; qode_css_animation=&#8220;&#8220; el_class=&#8220;zindex1000&#8243; css=&#8220;.vc_custom_1635844383576{margin-top: -270px !important;}&#8220;][\/vc_column][\/vc_row]<\/p>\n<\/div>","protected":false},"excerpt":{"rendered":"<p>[vc_row css_animation=&#8220;&#8220; row_type=&#8220;row&#8220; use_row_as_full_screen_section=&#8220;no&#8220; type=&#8220;grid&#8220; angled_section=&#8220;no&#8220; text_align=&#8220;left&#8220; background_image_as_pattern=&#8220;without_pattern&#8220; z_index=&#8220;&#8220;][vc_column][vc_single_image image=&#8220;1354&#8243; img_size=&#8220;full&#8220; alignment=&#8220;center&#8220; qode_css_animation=&#8220;&#8220;][\/vc_column][\/vc_row][vc_row css_animation=&#8220;&#8220; row_type=&#8220;row&#8220; use_row_as_full_screen_section=&#8220;no&#8220; type=&#8220;grid&#8220; angled_section=&#8220;no&#8220; text_align=&#8220;center&#8220; background_image_as_pattern=&#8220;without_pattern&#8220; z_index=&#8220;&#8220;][vc_column offset=&#8220;vc_col-lg-offset-3 vc_col-lg-6 vc_col-md-offset-2 vc_col-md-8&#8243; el_class=&#8220;titelresponsiveomhoog&#8220;][qode_elements_holder number_of_columns=&#8220;one_column&#8220;][qode_elements_holder_item advanced_animations=&#8220;no&#8220; background_color=&#8220;#ffffff&#8220; item_padding=&#8220;42px 38px 59px 38px&#8220; item_padding_1280_1440=&#8220;42px 36px 59px 36px&#8220; item_padding_480=&#8220;10px 10px 10px 10px&#8220; item_padding_1024_1280=&#8220;40px 30px 40px 30px&#8220;&#8230;<\/p>\n","protected":false},"author":1,"featured_media":0,"parent":0,"menu_order":0,"comment_status":"closed","ping_status":"closed","template":"full_width.php","meta":{"footnotes":""},"class_list":["post-953","page","type-page","status-publish","hentry"],"yoast_head":"<!-- This site is optimized with the Yoast SEO plugin v27.5 - https:\/\/yoast.com\/product\/yoast-seo-wordpress\/ -->\n<title>BUCHEN SIE IHREN CAMPINGPLATZ - Camping de Kreekrug<\/title>\n<meta name=\"robots\" content=\"index, follow, max-snippet:-1, max-image-preview:large, max-video-preview:-1\" \/>\n<link rel=\"canonical\" href=\"https:\/\/www.campingdekreekrug.nl\/de\/reserveer-uw-campingplaats\/\" \/>\n<meta property=\"og:locale\" content=\"de_DE\" \/>\n<meta property=\"og:type\" content=\"article\" \/>\n<meta property=\"og:title\" content=\"BUCHEN SIE IHREN CAMPINGPLATZ - Camping de Kreekrug\" \/>\n<meta property=\"og:description\" content=\"[vc_row css_animation=&#8220;&#8220; row_type=&#8220;row&#8220; use_row_as_full_screen_section=&#8220;no&#8220; type=&#8220;grid&#8220; angled_section=&#8220;no&#8220; text_align=&#8220;left&#8220; background_image_as_pattern=&#8220;without_pattern&#8220; z_index=&#8220;&#8220;][vc_column][vc_single_image image=&#8220;1354&#8243; img_size=&#8220;full&#8220; alignment=&#8220;center&#8220; qode_css_animation=&#8220;&#8220;][\/vc_column][\/vc_row][vc_row css_animation=&#8220;&#8220; row_type=&#8220;row&#8220; use_row_as_full_screen_section=&#8220;no&#8220; type=&#8220;grid&#8220; angled_section=&#8220;no&#8220; text_align=&#8220;center&#8220; background_image_as_pattern=&#8220;without_pattern&#8220; z_index=&#8220;&#8220;][vc_column offset=&#8220;vc_col-lg-offset-3 vc_col-lg-6 vc_col-md-offset-2 vc_col-md-8&#8243; el_class=&#8220;titelresponsiveomhoog&#8220;][qode_elements_holder number_of_columns=&#8220;one_column&#8220;][qode_elements_holder_item advanced_animations=&#8220;no&#8220; background_color=&#8220;#ffffff&#8220; item_padding=&#8220;42px 38px 59px 38px&#8220; item_padding_1280_1440=&#8220;42px 36px 59px 36px&#8220; item_padding_480=&#8220;10px 10px 10px 10px&#8220; item_padding_1024_1280=&#8220;40px 30px 40px 30px&#8220;...\" \/>\n<meta property=\"og:url\" content=\"https:\/\/www.campingdekreekrug.nl\/de\/reserveer-uw-campingplaats\/\" \/>\n<meta property=\"og:site_name\" content=\"Camping de Kreekrug\" \/>\n<meta property=\"article:modified_time\" content=\"2025-04-24T15:32:46+00:00\" \/>\n<meta name=\"twitter:card\" content=\"summary_large_image\" \/>\n<meta name=\"twitter:label1\" content=\"Gesch\u00e4tzte Lesezeit\" \/>\n\t<meta name=\"twitter:data1\" content=\"1\u00a0Minute\" \/>\n<script type=\"application\/ld+json\" class=\"yoast-schema-graph\">{\"@context\":\"https:\\\/\\\/schema.org\",\"@graph\":[{\"@type\":\"WebPage\",\"@id\":\"https:\\\/\\\/www.campingdekreekrug.nl\\\/de\\\/reserveer-uw-campingplaats\\\/\",\"url\":\"https:\\\/\\\/www.campingdekreekrug.nl\\\/de\\\/reserveer-uw-campingplaats\\\/\",\"name\":\"BUCHEN SIE IHREN CAMPINGPLATZ - Camping de Kreekrug\",\"isPartOf\":{\"@id\":\"https:\\\/\\\/www.campingdekreekrug.nl\\\/de\\\/#website\"},\"datePublished\":\"2021-11-02T08:19:48+00:00\",\"dateModified\":\"2025-04-24T15:32:46+00:00\",\"breadcrumb\":{\"@id\":\"https:\\\/\\\/www.campingdekreekrug.nl\\\/de\\\/reserveer-uw-campingplaats\\\/#breadcrumb\"},\"inLanguage\":\"de\",\"potentialAction\":[{\"@type\":\"ReadAction\",\"target\":[\"https:\\\/\\\/www.campingdekreekrug.nl\\\/de\\\/reserveer-uw-campingplaats\\\/\"]}]},{\"@type\":\"BreadcrumbList\",\"@id\":\"https:\\\/\\\/www.campingdekreekrug.nl\\\/de\\\/reserveer-uw-campingplaats\\\/#breadcrumb\",\"itemListElement\":[{\"@type\":\"ListItem\",\"position\":1,\"name\":\"Home\",\"item\":\"https:\\\/\\\/www.campingdekreekrug.nl\\\/de\\\/\"},{\"@type\":\"ListItem\",\"position\":2,\"name\":\"BUCHEN SIE IHREN CAMPINGPLATZ\"}]},{\"@type\":\"WebSite\",\"@id\":\"https:\\\/\\\/www.campingdekreekrug.nl\\\/de\\\/#website\",\"url\":\"https:\\\/\\\/www.campingdekreekrug.nl\\\/de\\\/\",\"name\":\"Camping de Kreekrug\",\"description\":\"En nog een WordPress site\",\"potentialAction\":[{\"@type\":\"SearchAction\",\"target\":{\"@type\":\"EntryPoint\",\"urlTemplate\":\"https:\\\/\\\/www.campingdekreekrug.nl\\\/de\\\/?s={search_term_string}\"},\"query-input\":{\"@type\":\"PropertyValueSpecification\",\"valueRequired\":true,\"valueName\":\"search_term_string\"}}],\"inLanguage\":\"de\"}]}<\/script>\n<!-- \/ Yoast SEO plugin. -->","yoast_head_json":{"title":"BUCHEN SIE IHREN CAMPINGPLATZ - Camping de Kreekrug","robots":{"index":"index","follow":"follow","max-snippet":"max-snippet:-1","max-image-preview":"max-image-preview:large","max-video-preview":"max-video-preview:-1"},"canonical":"https:\/\/www.campingdekreekrug.nl\/de\/reserveer-uw-campingplaats\/","og_locale":"de_DE","og_type":"article","og_title":"BUCHEN SIE IHREN CAMPINGPLATZ - Camping de Kreekrug","og_description":"[vc_row css_animation=&#8220;&#8220; row_type=&#8220;row&#8220; use_row_as_full_screen_section=&#8220;no&#8220; type=&#8220;grid&#8220; angled_section=&#8220;no&#8220; text_align=&#8220;left&#8220; background_image_as_pattern=&#8220;without_pattern&#8220; z_index=&#8220;&#8220;][vc_column][vc_single_image image=&#8220;1354&#8243; img_size=&#8220;full&#8220; alignment=&#8220;center&#8220; qode_css_animation=&#8220;&#8220;][\/vc_column][\/vc_row][vc_row css_animation=&#8220;&#8220; row_type=&#8220;row&#8220; use_row_as_full_screen_section=&#8220;no&#8220; type=&#8220;grid&#8220; angled_section=&#8220;no&#8220; text_align=&#8220;center&#8220; background_image_as_pattern=&#8220;without_pattern&#8220; z_index=&#8220;&#8220;][vc_column offset=&#8220;vc_col-lg-offset-3 vc_col-lg-6 vc_col-md-offset-2 vc_col-md-8&#8243; el_class=&#8220;titelresponsiveomhoog&#8220;][qode_elements_holder number_of_columns=&#8220;one_column&#8220;][qode_elements_holder_item advanced_animations=&#8220;no&#8220; background_color=&#8220;#ffffff&#8220; item_padding=&#8220;42px 38px 59px 38px&#8220; item_padding_1280_1440=&#8220;42px 36px 59px 36px&#8220; item_padding_480=&#8220;10px 10px 10px 10px&#8220; item_padding_1024_1280=&#8220;40px 30px 40px 30px&#8220;...","og_url":"https:\/\/www.campingdekreekrug.nl\/de\/reserveer-uw-campingplaats\/","og_site_name":"Camping de Kreekrug","article_modified_time":"2025-04-24T15:32:46+00:00","twitter_card":"summary_large_image","twitter_misc":{"Gesch\u00e4tzte Lesezeit":"1\u00a0Minute"},"schema":{"@context":"https:\/\/schema.org","@graph":[{"@type":"WebPage","@id":"https:\/\/www.campingdekreekrug.nl\/de\/reserveer-uw-campingplaats\/","url":"https:\/\/www.campingdekreekrug.nl\/de\/reserveer-uw-campingplaats\/","name":"BUCHEN SIE IHREN CAMPINGPLATZ - Camping de Kreekrug","isPartOf":{"@id":"https:\/\/www.campingdekreekrug.nl\/de\/#website"},"datePublished":"2021-11-02T08:19:48+00:00","dateModified":"2025-04-24T15:32:46+00:00","breadcrumb":{"@id":"https:\/\/www.campingdekreekrug.nl\/de\/reserveer-uw-campingplaats\/#breadcrumb"},"inLanguage":"de","potentialAction":[{"@type":"ReadAction","target":["https:\/\/www.campingdekreekrug.nl\/de\/reserveer-uw-campingplaats\/"]}]},{"@type":"BreadcrumbList","@id":"https:\/\/www.campingdekreekrug.nl\/de\/reserveer-uw-campingplaats\/#breadcrumb","itemListElement":[{"@type":"ListItem","position":1,"name":"Home","item":"https:\/\/www.campingdekreekrug.nl\/de\/"},{"@type":"ListItem","position":2,"name":"BUCHEN SIE IHREN CAMPINGPLATZ"}]},{"@type":"WebSite","@id":"https:\/\/www.campingdekreekrug.nl\/de\/#website","url":"https:\/\/www.campingdekreekrug.nl\/de\/","name":"Camping de Kreekrug","description":"En nog een WordPress site","potentialAction":[{"@type":"SearchAction","target":{"@type":"EntryPoint","urlTemplate":"https:\/\/www.campingdekreekrug.nl\/de\/?s={search_term_string}"},"query-input":{"@type":"PropertyValueSpecification","valueRequired":true,"valueName":"search_term_string"}}],"inLanguage":"de"}]}},"_links":{"self":[{"href":"https:\/\/www.campingdekreekrug.nl\/de\/wp-json\/wp\/v2\/pages\/953","targetHints":{"allow":["GET"]}}],"collection":[{"href":"https:\/\/www.campingdekreekrug.nl\/de\/wp-json\/wp\/v2\/pages"}],"about":[{"href":"https:\/\/www.campingdekreekrug.nl\/de\/wp-json\/wp\/v2\/types\/page"}],"author":[{"embeddable":true,"href":"https:\/\/www.campingdekreekrug.nl\/de\/wp-json\/wp\/v2\/users\/1"}],"replies":[{"embeddable":true,"href":"https:\/\/www.campingdekreekrug.nl\/de\/wp-json\/wp\/v2\/comments?post=953"}],"version-history":[{"count":32,"href":"https:\/\/www.campingdekreekrug.nl\/de\/wp-json\/wp\/v2\/pages\/953\/revisions"}],"predecessor-version":[{"id":1739,"href":"https:\/\/www.campingdekreekrug.nl\/de\/wp-json\/wp\/v2\/pages\/953\/revisions\/1739"}],"wp:attachment":[{"href":"https:\/\/www.campingdekreekrug.nl\/de\/wp-json\/wp\/v2\/media?parent=953"}],"curies":[{"name":"wp","href":"https:\/\/api.w.org\/{rel}","templated":true}]}}